{"id":15,"date":"2023-11-24T08:26:20","date_gmt":"2023-11-24T07:26:20","guid":{"rendered":"http:\/\/www.hartmannservis.cz\/?page_id=15"},"modified":"2024-05-20T00:05:31","modified_gmt":"2024-05-19T22:05:31","slug":"o-nas","status":"publish","type":"page","link":"https:\/\/www.hartmannservis.cz\/?page_id=15","title":{"rendered":"O n\u00e1s"},"content":{"rendered":"\n<p>Jsme spole\u010dnost poskytuj\u00edc\u00ed sv\u00e9 slu\u017eby ji\u017e od roku 2005.<\/p>\n\n\n\n<p>Specializujeme se na problematiku GDPR, cookies, ICT, kyberbezpe\u010dnosti.<\/p>\n\n\n\n<p>M\u00e1me velk\u00e9 zku\u0161enosti v oblasti ekonomie i pr\u00e1va, klient\u016fm vedeme \u00fa\u010detnictv\u00ed.<\/p>\n\n\n\n<p>Zam\u011bstn\u00e1v\u00e1me \u010di \u00fazce spolupracujeme s da\u0148ov\u00fdmi poradci, advok\u00e1ty, soudn\u00edmi znalci.<\/p>\n\n\n\n<p>Na\u0161e slu\u017eby poskytujeme v\u00edce jak 700 klient\u016fm.<\/p>\n\n\n\n<p>D\u011bkujeme za va\u0161i p\u0159\u00edze\u0148!<\/p>\n","protected":false},"excerpt":{"rendered":"<p>Jsme spole\u010dnost poskytuj\u00edc\u00ed sv\u00e9 slu\u017eby ji\u017e od roku 2005. Specializujeme se na problematiku GDPR, cookies, ICT, kyberbezpe\u010dnosti. M\u00e1me velk\u00e9 zku\u0161enosti v oblasti ekonomie i pr\u00e1va, klient\u016fm vedeme \u00fa\u010detnictv\u00ed. Zam\u011bstn\u00e1v\u00e1me \u010di \u00fazce spolupracujeme s da\u0148ov\u00fdmi poradci, advok\u00e1ty, soudn\u00edmi znalci. Na\u0161e slu\u017eby poskytujeme v\u00edce jak 700 klient\u016fm. D\u011bkujeme za va\u0161i p\u0159\u00edze\u0148!<\/p>\n","protected":false},"author":1,"featured_media":485,"parent":0,"menu_order":0,"comment_status":"closed","ping_status":"closed","template":"","meta":{"footnotes":""},"class_list":["post-15","page","type-page","status-publish","has-post-thumbnail","hentry"],"_links":{"self":[{"href":"https:\/\/www.hartmannservis.cz\/index.php?rest_route=\/wp\/v2\/pages\/15","targetHints":{"allow":["GET"]}}],"collection":[{"href":"https:\/\/www.hartmannservis.cz\/index.php?rest_route=\/wp\/v2\/pages"}],"about":[{"href":"https:\/\/www.hartmannservis.cz\/index.php?rest_route=\/wp\/v2\/types\/page"}],"author":[{"embeddable":true,"href":"https:\/\/www.hartmannservis.cz\/index.php?rest_route=\/wp\/v2\/users\/1"}],"replies":[{"embeddable":true,"href":"https:\/\/www.hartmannservis.cz\/index.php?rest_route=%2Fwp%2Fv2%2Fcomments&post=15"}],"version-history":[{"count":12,"href":"https:\/\/www.hartmannservis.cz\/index.php?rest_route=\/wp\/v2\/pages\/15\/revisions"}],"predecessor-version":[{"id":505,"href":"https:\/\/www.hartmannservis.cz\/index.php?rest_route=\/wp\/v2\/pages\/15\/revisions\/505"}],"wp:featuredmedia":[{"embeddable":true,"href":"https:\/\/www.hartmannservis.cz\/index.php?rest_route=\/wp\/v2\/media\/485"}],"wp:attachment":[{"href":"https:\/\/www.hartmannservis.cz\/index.php?rest_route=%2Fwp%2Fv2%2Fmedia&parent=15"}],"curies":[{"name":"wp","href":"https:\/\/api.w.org\/{rel}","templated":true}]}}