{"id":2,"date":"2023-11-23T03:16:35","date_gmt":"2023-11-23T02:16:35","guid":{"rendered":"http:\/\/www.hartmannservis.cz\/?page_id=2"},"modified":"2024-05-20T00:03:53","modified_gmt":"2024-05-19T22:03:53","slug":"zkusebni-stranka","status":"publish","type":"page","link":"https:\/\/www.hartmannservis.cz\/","title":{"rendered":"GDPR &#8211; ochrana osobn\u00edch \u00fadaj\u016f"},"content":{"rendered":"\n<p>Obecn\u00e9 na\u0159\u00edzen\u00ed o ochran\u011b osobn\u00edch \u00fadaj\u016f (GDPR) je z\u00e1konn\u00e1 norma spole\u010dn\u00e1 pro celou Evropskou unii, kter\u00e1 chr\u00e1n\u00ed osobn\u00ed \u00fadaje a soukrom\u00ed jednotlivc\u016f t\u00edm, \u017ee reguluje, jak organizace tyto \u00fadaje shroma\u017e\u010fuj\u00ed, ukl\u00e1daj\u00ed a zpracov\u00e1vaj\u00ed.<\/p>\n\n\n\n<p>Zkontrolujeme va\u0161i dokumentaci, porad\u00edme, co zm\u011bnit, zlep\u0161it \u010di doplnit, p\u0159\u00edpadn\u011b to pro V\u00e1s kompletn\u011b zpracujeme a nachyst\u00e1me.<\/p>\n\n\n\n<p>Pro\u0161kol\u00edme veden\u00ed organizace i b\u011b\u017en\u00e9 zam\u011bstnance.<\/p>\n\n\n\n<p>Poskytujeme slu\u017eby Pov\u011b\u0159ence pro ochranu osobn\u00edch \u00fadaj\u016f.<\/p>\n\n\n\n<p>Nejen \u0161kol\u00e1m pom\u016f\u017eeme spr\u00e1vn\u011b nastavit souhlasy, aby nebyly nadu\u017e\u00edv\u00e1ny.<\/p>\n\n\n\n<p>Nasazujete AI na vyhodnocov\u00e1n\u00ed kamerov\u00fdch z\u00e1znam\u016f v obchodech? <br>Zn\u00e1me ve\u0161ker\u00e9 n\u00e1le\u017eitosti, kter\u00e9 mus\u00edte splnit.<\/p>\n\n\n\n<p>Klienty \u00fasp\u011b\u0161n\u011b zastupujeme p\u0159i jedn\u00e1n\u00ed s dozorov\u00fdmi org\u00e1ny.<\/p>\n\n\n\n<p>Na\u0161e slu\u017eby vyu\u017e\u00edvaj\u00ed mal\u00e9 organizace i nejv\u011bt\u0161\u00ed nadn\u00e1rodn\u00ed korporace.<\/p>\n","protected":false},"excerpt":{"rendered":"<p>Obecn\u00e9 na\u0159\u00edzen\u00ed o ochran\u011b osobn\u00edch \u00fadaj\u016f (GDPR) je z\u00e1konn\u00e1 norma spole\u010dn\u00e1 pro celou Evropskou unii, kter\u00e1 chr\u00e1n\u00ed osobn\u00ed \u00fadaje a soukrom\u00ed jednotlivc\u016f t\u00edm, \u017ee reguluje, jak organizace tyto \u00fadaje shroma\u017e\u010fuj\u00ed, ukl\u00e1daj\u00ed a zpracov\u00e1vaj\u00ed. Zkontrolujeme va\u0161i dokumentaci, porad\u00edme, co zm\u011bnit, zlep\u0161it \u010di doplnit, p\u0159\u00edpadn\u011b to pro V\u00e1s kompletn\u011b zpracujeme a nachyst\u00e1me. Pro\u0161kol\u00edme veden\u00ed organizace i b\u011b\u017en\u00e9 &hellip; <\/p>\n<p class=\"link-more\"><a href=\"https:\/\/www.hartmannservis.cz\/\" class=\"more-link\">Pokra\u010dovat ve \u010dten\u00ed<span class=\"screen-reader-text\"> &#8222;GDPR &#8211; ochrana osobn\u00edch \u00fadaj\u016f&#8220;<\/span><\/a><\/p>\n","protected":false},"author":1,"featured_media":472,"parent":0,"menu_order":0,"comment_status":"closed","ping_status":"open","template":"","meta":{"footnotes":""},"class_list":["post-2","page","type-page","status-publish","has-post-thumbnail","hentry"],"_links":{"self":[{"href":"https:\/\/www.hartmannservis.cz\/index.php?rest_route=\/wp\/v2\/pages\/2","targetHints":{"allow":["GET"]}}],"collection":[{"href":"https:\/\/www.hartmannservis.cz\/index.php?rest_route=\/wp\/v2\/pages"}],"about":[{"href":"https:\/\/www.hartmannservis.cz\/index.php?rest_route=\/wp\/v2\/types\/page"}],"author":[{"embeddable":true,"href":"https:\/\/www.hartmannservis.cz\/index.php?rest_route=\/wp\/v2\/users\/1"}],"replies":[{"embeddable":true,"href":"https:\/\/www.hartmannservis.cz\/index.php?rest_route=%2Fwp%2Fv2%2Fcomments&post=2"}],"version-history":[{"count":18,"href":"https:\/\/www.hartmannservis.cz\/index.php?rest_route=\/wp\/v2\/pages\/2\/revisions"}],"predecessor-version":[{"id":504,"href":"https:\/\/www.hartmannservis.cz\/index.php?rest_route=\/wp\/v2\/pages\/2\/revisions\/504"}],"wp:featuredmedia":[{"embeddable":true,"href":"https:\/\/www.hartmannservis.cz\/index.php?rest_route=\/wp\/v2\/media\/472"}],"wp:attachment":[{"href":"https:\/\/www.hartmannservis.cz\/index.php?rest_route=%2Fwp%2Fv2%2Fmedia&parent=2"}],"curies":[{"name":"wp","href":"https:\/\/api.w.org\/{rel}","templated":true}]}}